{"id":3383,"date":"2017-02-25T00:27:48","date_gmt":"2017-02-25T00:27:48","guid":{"rendered":"https:\/\/informaccion.com\/nuevaweb\/exportando-2\/"},"modified":"2018-05-03T22:44:04","modified_gmt":"2018-05-03T22:44:04","slug":"educacion-virtual","status":"publish","type":"page","link":"https:\/\/informaccion.com\/nuevaweb\/educacion-virtual\/","title":{"rendered":"Educaci\u00f3n Virtual"},"content":{"rendered":"<p>[vc_row full_width=\u00bbstretch_row_content_no_spaces\u00bb content_placement=\u00bbmiddle\u00bb css=\u00bb.vc_custom_1490658715611{margin-bottom: -70px !important;}\u00bb][vc_column][rev_slider_vc alias=\u00bbeducacion-virtual\u00bb][\/vc_column][\/vc_row][vc_row gap=\u00bb10&#8243; equal_height=\u00bbyes\u00bb content_placement=\u00bbtop\u00bb el_id=\u00bbourTeam\u00bb css=\u00bb.vc_custom_1490659099277{padding-top: -50px !important;}\u00bb][vc_column el_class=\u00bbwb_sombra\u00bb css=\u00bb.vc_custom_1490651485823{padding-top: 40px !important;padding-bottom: 20px !important;}\u00bb]<div class=\"team team_circle\"><h4 class=\"title\">CURSO ONLINE N\u00b0 1 - CLASES MAGISTRALES EN PRODUCCI\u00d3N DE UVA DE MESA<\/h4><div class=\"image_frame photo no_link scale-with-grid\"><div class=\"image_wrapper\"><img loading=\"lazy\" decoding=\"async\" class=\"scale-with-grid\" src=\"https:\/\/informaccion.com\/nuevaweb\/wp-content\/uploads\/2017\/02\/Juan-Carlos-Brignardello-Barreda-1.jpg\" alt=\"Juan-Carlos-Brignardello-Barreda\" width=\"300\" height=\"300\"\/><\/div><\/div><div class=\"desc_wrapper\"><h4>Juan Carlos Brignardello Barreda <\/h4><p class=\"subtitle\">Table Grape Grower and Consultan <\/p><hr class=\"hr_color\" \/><div class=\"desc\">Estudi\u00f3 en la University of California Davis M.Sc. en Viticultura 1999, Texas A&amp;M University B.Sc. en Agronom\u00eda y Horticultura 1994, con especializaciones en suelos y fruticultura.<br \/>\n<\/div><div class=\"links\"><a target=\"_blank\" href=\"https:\/\/pe.linkedin.com\/in\/juan-carlos-brignardello-19169b3a\" class=\"icon_bar icon_bar_small\"><span class=\"t\"><i class=\"icon-linkedin\"><\/i><\/span><span class=\"b\"><i class=\"icon-linkedin\"><\/i><\/span><\/a><\/div><\/div><\/div>\n[\/vc_column][\/vc_row][vc_row css=\u00bb.vc_custom_1490658879152{padding-top: 100px !important;}\u00bb][vc_column]<div class=\"fancy_heading fancy_heading_icon\"><h1 class=\"title\">CAP\u00cdTULO 10.1 - ``Construcci\u00f3n de Sistemas de Conducci\u00f3n de la Vid I``<\/h1><\/div>\n            <div class=\"onp-locker-call\" style=\"display: none;\" data-lock-id=\"onpLock152164\"><\/div>\r\n         \r\n\r\n                    <script type=\"text\/bp-data\" class=\"onp-optinpanda-params\">\r\n                {\"lockerId\":3412,\"tracking\":\"1\",\"postId\":3383,\"ajaxUrl\":\"https:\\\/\\\/informaccion.com\\\/nuevaweb\\\/wp-admin\\\/admin-ajax.php\",\"options\":{\"demo\":1,\"actualUrls\":1,\"text\":{\"header\":\"Desbloquea el contenido\",\"message\":\"<p>Utilice uno de los botones a continuaci\\u00f3n para desbloquear el video y poder verlo.<\\\/p>\"},\"theme\":\"great-attractor\",\"lang\":\"es_ES\",\"overlap\":{\"mode\":\"full\",\"position\":\"middle\",\"altMode\":\"full\"},\"highlight\":1,\"googleAnalytics\":1,\"locker\":{\"scope\":\"global\",\"counter\":1,\"loadingTimeout\":\"20000\",\"tumbler\":1,\"naMode\":\"show-error\",\"inAppBrowsers\":\"visible_with_warning\",\"inAppBrowsersWarning\":\"You are viewing this page in the {browser}. The locker may work incorrectly in this browser. Please open this page in a standard browser.\",\"close\":1,\"mobile\":1,\"expires\":0},\"proxy\":\"https:\\\/\\\/informaccion.com\\\/nuevaweb\\\/wp-admin\\\/admin-ajax.php?action=opanda_connect\",\"terms\":\"https:\\\/\\\/informaccion.com\\\/nuevaweb?bizpanda=terms-of-use\",\"privacyPolicy\":\"https:\\\/\\\/informaccion.com\\\/nuevaweb?bizpanda=privacy-policy\",\"termsPopup\":{\"width\":570,\"height\":400},\"groups\":[\"connect-buttons\",\"subscription\"],\"connectButtons\":{\"order\":[\"facebook\",\"twitter\",\"google\"],\"facebook\":{\"actions\":[\"signup\"],\"appId\":\"150406365483979\"},\"twitter\":{\"actions\":[\"signup\",\"follow\",\"tweet\"],\"follow\":{\"user\":\"@inform_accion\",\"notifications\":1},\"tweet\":{\"message\":\"Curso Online Gratuito de Manejo de Cultivos, dictado por Juan Carlos Brignardello Barreda https:\\\/\\\/goo.gl\\\/x7Tk5K\"}},\"google\":{\"actions\":[\"signup\",\"youtube-subscribe\"],\"clientId\":\"504710106107-utpcrq8p4p846de4ekmo0g6toraqao7q.apps.googleusercontent.com\",\"youtubeSubscribe\":{\"channelId\":\"UC1lYTfS98k5saxm7mOK5mvQ\"}}},\"subscription\":{\"form\":{\"actions\":[\"signup\"],\"type\":\"email-form\"}},\"subscribeActionOptions\":{\"listId\":\"default\",\"service\":\"database\",\"doubleOptin\":false,\"confirm\":false},\"lazy\":true},\"_theme\":\"great-attractor\",\"_style\":null,\"ajax\":true,\"contentHash\":\"ed52697cc09151187f34d1c7265b3da0\",\"stats\":true}            <\/script>\r\n                    [\/vc_column][\/vc_row][vc_row css=\u00bb.vc_custom_1490658879152{padding-top: 100px !important;}\u00bb][vc_column]<div class=\"fancy_heading fancy_heading_icon\"><h1 class=\"title\">CAP\u00cdTULO 10.2 - ``Construcci\u00f3n de Sistemas de Conducci\u00f3n de la Vid II``<\/h1><\/div>\n            <div class=\"onp-locker-call\" style=\"display: none;\" data-lock-id=\"onpLock135311\"><\/div>\r\n         \r\n\r\n                    <script type=\"text\/bp-data\" class=\"onp-optinpanda-params\">\r\n                {\"lockerId\":3412,\"tracking\":\"1\",\"postId\":3383,\"ajaxUrl\":\"https:\\\/\\\/informaccion.com\\\/nuevaweb\\\/wp-admin\\\/admin-ajax.php\",\"options\":{\"demo\":1,\"actualUrls\":1,\"text\":{\"header\":\"Desbloquea el contenido\",\"message\":\"<p>Utilice uno de los botones a continuaci\\u00f3n para desbloquear el video y poder verlo.<\\\/p>\"},\"theme\":\"great-attractor\",\"lang\":\"es_ES\",\"overlap\":{\"mode\":\"full\",\"position\":\"middle\",\"altMode\":\"full\"},\"highlight\":1,\"googleAnalytics\":1,\"locker\":{\"scope\":\"global\",\"counter\":1,\"loadingTimeout\":\"20000\",\"tumbler\":1,\"naMode\":\"show-error\",\"inAppBrowsers\":\"visible_with_warning\",\"inAppBrowsersWarning\":\"You are viewing this page in the {browser}. The locker may work incorrectly in this browser. Please open this page in a standard browser.\",\"close\":1,\"mobile\":1,\"expires\":0},\"proxy\":\"https:\\\/\\\/informaccion.com\\\/nuevaweb\\\/wp-admin\\\/admin-ajax.php?action=opanda_connect\",\"terms\":\"https:\\\/\\\/informaccion.com\\\/nuevaweb?bizpanda=terms-of-use\",\"privacyPolicy\":\"https:\\\/\\\/informaccion.com\\\/nuevaweb?bizpanda=privacy-policy\",\"termsPopup\":{\"width\":570,\"height\":400},\"groups\":[\"connect-buttons\",\"subscription\"],\"connectButtons\":{\"order\":[\"facebook\",\"twitter\",\"google\"],\"facebook\":{\"actions\":[\"signup\"],\"appId\":\"150406365483979\"},\"twitter\":{\"actions\":[\"signup\",\"follow\",\"tweet\"],\"follow\":{\"user\":\"@inform_accion\",\"notifications\":1},\"tweet\":{\"message\":\"Curso Online Gratuito de Manejo de Cultivos, dictado por Juan Carlos Brignardello Barreda https:\\\/\\\/goo.gl\\\/x7Tk5K\"}},\"google\":{\"actions\":[\"signup\",\"youtube-subscribe\"],\"clientId\":\"504710106107-utpcrq8p4p846de4ekmo0g6toraqao7q.apps.googleusercontent.com\",\"youtubeSubscribe\":{\"channelId\":\"UC1lYTfS98k5saxm7mOK5mvQ\"}}},\"subscription\":{\"form\":{\"actions\":[\"signup\"],\"type\":\"email-form\"}},\"subscribeActionOptions\":{\"listId\":\"default\",\"service\":\"database\",\"doubleOptin\":false,\"confirm\":false},\"lazy\":true},\"_theme\":\"great-attractor\",\"_style\":null,\"ajax\":true,\"contentHash\":\"4b8de353458de0afa683df099e425af3\",\"stats\":true}            <\/script>\r\n                    [\/vc_column][\/vc_row][vc_row css=\u00bb.vc_custom_1490658879152{padding-top: 100px !important;}\u00bb][vc_column]<div class=\"fancy_heading fancy_heading_icon\"><h1 class=\"title\">CAP\u00cdTULO 11.1 - ``Establecimiento de Vi\u00f1as I``<\/h1><\/div>\n            <div class=\"onp-locker-call\" style=\"display: none;\" data-lock-id=\"onpLock917596\"><\/div>\r\n         \r\n\r\n                    <script type=\"text\/bp-data\" class=\"onp-optinpanda-params\">\r\n                {\"lockerId\":3412,\"tracking\":\"1\",\"postId\":3383,\"ajaxUrl\":\"https:\\\/\\\/informaccion.com\\\/nuevaweb\\\/wp-admin\\\/admin-ajax.php\",\"options\":{\"demo\":1,\"actualUrls\":1,\"text\":{\"header\":\"Desbloquea el contenido\",\"message\":\"<p>Utilice uno de los botones a continuaci\\u00f3n para desbloquear el video y poder verlo.<\\\/p>\"},\"theme\":\"great-attractor\",\"lang\":\"es_ES\",\"overlap\":{\"mode\":\"full\",\"position\":\"middle\",\"altMode\":\"full\"},\"highlight\":1,\"googleAnalytics\":1,\"locker\":{\"scope\":\"global\",\"counter\":1,\"loadingTimeout\":\"20000\",\"tumbler\":1,\"naMode\":\"show-error\",\"inAppBrowsers\":\"visible_with_warning\",\"inAppBrowsersWarning\":\"You are viewing this page in the {browser}. The locker may work incorrectly in this browser. Please open this page in a standard browser.\",\"close\":1,\"mobile\":1,\"expires\":0},\"proxy\":\"https:\\\/\\\/informaccion.com\\\/nuevaweb\\\/wp-admin\\\/admin-ajax.php?action=opanda_connect\",\"terms\":\"https:\\\/\\\/informaccion.com\\\/nuevaweb?bizpanda=terms-of-use\",\"privacyPolicy\":\"https:\\\/\\\/informaccion.com\\\/nuevaweb?bizpanda=privacy-policy\",\"termsPopup\":{\"width\":570,\"height\":400},\"groups\":[\"connect-buttons\",\"subscription\"],\"connectButtons\":{\"order\":[\"facebook\",\"twitter\",\"google\"],\"facebook\":{\"actions\":[\"signup\"],\"appId\":\"150406365483979\"},\"twitter\":{\"actions\":[\"signup\",\"follow\",\"tweet\"],\"follow\":{\"user\":\"@inform_accion\",\"notifications\":1},\"tweet\":{\"message\":\"Curso Online Gratuito de Manejo de Cultivos, dictado por Juan Carlos Brignardello Barreda https:\\\/\\\/goo.gl\\\/x7Tk5K\"}},\"google\":{\"actions\":[\"signup\",\"youtube-subscribe\"],\"clientId\":\"504710106107-utpcrq8p4p846de4ekmo0g6toraqao7q.apps.googleusercontent.com\",\"youtubeSubscribe\":{\"channelId\":\"UC1lYTfS98k5saxm7mOK5mvQ\"}}},\"subscription\":{\"form\":{\"actions\":[\"signup\"],\"type\":\"email-form\"}},\"subscribeActionOptions\":{\"listId\":\"default\",\"service\":\"database\",\"doubleOptin\":false,\"confirm\":false},\"lazy\":true},\"_theme\":\"great-attractor\",\"_style\":null,\"ajax\":true,\"contentHash\":\"999bbca118cd3bc956ac87a1134bcae2\",\"stats\":true}            <\/script>\r\n                    [\/vc_column][\/vc_row][vc_row css=\u00bb.vc_custom_1490658879152{padding-top: 100px !important;}\u00bb][vc_column]<div class=\"fancy_heading fancy_heading_icon\"><h1 class=\"title\">CAP\u00cdTULO 11.2 - ``Establecimiento de Vi\u00f1as II``<\/h1><\/div>\n            <div class=\"onp-locker-call\" style=\"display: none;\" data-lock-id=\"onpLock798842\"><\/div>\r\n         \r\n\r\n                    <script type=\"text\/bp-data\" class=\"onp-optinpanda-params\">\r\n                {\"lockerId\":3412,\"tracking\":\"1\",\"postId\":3383,\"ajaxUrl\":\"https:\\\/\\\/informaccion.com\\\/nuevaweb\\\/wp-admin\\\/admin-ajax.php\",\"options\":{\"demo\":1,\"actualUrls\":1,\"text\":{\"header\":\"Desbloquea el contenido\",\"message\":\"<p>Utilice uno de los botones a continuaci\\u00f3n para desbloquear el video y poder verlo.<\\\/p>\"},\"theme\":\"great-attractor\",\"lang\":\"es_ES\",\"overlap\":{\"mode\":\"full\",\"position\":\"middle\",\"altMode\":\"full\"},\"highlight\":1,\"googleAnalytics\":1,\"locker\":{\"scope\":\"global\",\"counter\":1,\"loadingTimeout\":\"20000\",\"tumbler\":1,\"naMode\":\"show-error\",\"inAppBrowsers\":\"visible_with_warning\",\"inAppBrowsersWarning\":\"You are viewing this page in the {browser}. The locker may work incorrectly in this browser. Please open this page in a standard browser.\",\"close\":1,\"mobile\":1,\"expires\":0},\"proxy\":\"https:\\\/\\\/informaccion.com\\\/nuevaweb\\\/wp-admin\\\/admin-ajax.php?action=opanda_connect\",\"terms\":\"https:\\\/\\\/informaccion.com\\\/nuevaweb?bizpanda=terms-of-use\",\"privacyPolicy\":\"https:\\\/\\\/informaccion.com\\\/nuevaweb?bizpanda=privacy-policy\",\"termsPopup\":{\"width\":570,\"height\":400},\"groups\":[\"connect-buttons\",\"subscription\"],\"connectButtons\":{\"order\":[\"facebook\",\"twitter\",\"google\"],\"facebook\":{\"actions\":[\"signup\"],\"appId\":\"150406365483979\"},\"twitter\":{\"actions\":[\"signup\",\"follow\",\"tweet\"],\"follow\":{\"user\":\"@inform_accion\",\"notifications\":1},\"tweet\":{\"message\":\"Curso Online Gratuito de Manejo de Cultivos, dictado por Juan Carlos Brignardello Barreda https:\\\/\\\/goo.gl\\\/x7Tk5K\"}},\"google\":{\"actions\":[\"signup\",\"youtube-subscribe\"],\"clientId\":\"504710106107-utpcrq8p4p846de4ekmo0g6toraqao7q.apps.googleusercontent.com\",\"youtubeSubscribe\":{\"channelId\":\"UC1lYTfS98k5saxm7mOK5mvQ\"}}},\"subscription\":{\"form\":{\"actions\":[\"signup\"],\"type\":\"email-form\"}},\"subscribeActionOptions\":{\"listId\":\"default\",\"service\":\"database\",\"doubleOptin\":false,\"confirm\":false},\"lazy\":true},\"_theme\":\"great-attractor\",\"_style\":null,\"ajax\":true,\"contentHash\":\"26946f17514e462e1dc5bea578aa6345\",\"stats\":true}            <\/script>\r\n                    [\/vc_column][\/vc_row]<\/script><\/p>\n","protected":false},"excerpt":{"rendered":"<p>[vc_row full_width=\u00bbstretch_row_content_no_spaces\u00bb content_placement=\u00bbmiddle\u00bb css=\u00bb.vc_custom_1490658715611{margin-bottom: -70px !important;}\u00bb][vc_column][rev_slider_vc alias=\u00bbeducacion-virtual\u00bb][\/vc_column][\/vc_row][vc_row gap=\u00bb10&#8243; equal_height=\u00bbyes\u00bb content_placement=\u00bbtop\u00bb el_id=\u00bbourTeam\u00bb css=\u00bb.vc_custom_1490659099277{padding-top: -50px !important;}\u00bb][vc_column el_class=\u00bbwb_sombra\u00bb css=\u00bb.vc_custom_1490651485823{padding-top: 40px !important;padding-bottom: 20px !important;}\u00bb][\/vc_column][\/vc_row][vc_row css=\u00bb.vc_custom_1490658879152{padding-top: 100px !important;}\u00bb][vc_column][\/vc_column][\/vc_row][vc_row css=\u00bb.vc_custom_1490658879152{padding-top: 100px !important;}\u00bb][vc_column][\/vc_column][\/vc_row][vc_row<span class=\"excerpt-hellip\"> [\u2026]<\/span><\/p>\n","protected":false},"author":1,"featured_media":3554,"parent":0,"menu_order":0,"comment_status":"closed","ping_status":"closed","template":"template-blank.php","meta":{"footnotes":""},"_links":{"self":[{"href":"https:\/\/informaccion.com\/nuevaweb\/wp-json\/wp\/v2\/pages\/3383"}],"collection":[{"href":"https:\/\/informaccion.com\/nuevaweb\/wp-json\/wp\/v2\/pages"}],"about":[{"href":"https:\/\/informaccion.com\/nuevaweb\/wp-json\/wp\/v2\/types\/page"}],"author":[{"embeddable":true,"href":"https:\/\/informaccion.com\/nuevaweb\/wp-json\/wp\/v2\/users\/1"}],"replies":[{"embeddable":true,"href":"https:\/\/informaccion.com\/nuevaweb\/wp-json\/wp\/v2\/comments?post=3383"}],"version-history":[{"count":80,"href":"https:\/\/informaccion.com\/nuevaweb\/wp-json\/wp\/v2\/pages\/3383\/revisions"}],"predecessor-version":[{"id":4630,"href":"https:\/\/informaccion.com\/nuevaweb\/wp-json\/wp\/v2\/pages\/3383\/revisions\/4630"}],"wp:featuredmedia":[{"embeddable":true,"href":"https:\/\/informaccion.com\/nuevaweb\/wp-json\/wp\/v2\/media\/3554"}],"wp:attachment":[{"href":"https:\/\/informaccion.com\/nuevaweb\/wp-json\/wp\/v2\/media?parent=3383"}],"curies":[{"name":"wp","href":"https:\/\/api.w.org\/{rel}","templated":true}]}}