{"id":2417,"date":"2016-02-02T10:53:38","date_gmt":"2016-02-02T10:53:38","guid":{"rendered":"http:\/\/themes.muffingroup.com\/be\/charity2\/?page_id=2"},"modified":"2024-06-20T21:13:25","modified_gmt":"2024-06-20T21:13:25","slug":"inicio","status":"publish","type":"page","link":"https:\/\/informaccion.com\/nuevaweb\/","title":{"rendered":"Inicio"},"content":{"rendered":"<p><img decoding=\"async\" src=\"https:\/\/informaccion.com\/nuevaweb\/wp-content\/uploads\/2016\/02\/siagro.jpg\" alt=\"siagro\" \/><\/p>\n<h5 style=\"color: #000000;\">Encuentro empresarial del sector agroexportador. Evento agr\u00edcola referente del Per\u00fa.<\/h5>\n<p><a href=\"http:\/\/www.siagro.pe\/\">http:\/\/www.siagro.pe\/<\/a><\/p>\n<h5 style=\"color: #000000;\">Seminario de Especializaci\u00f3n en Procesos Agr\u00edcolas<\/h5>\n<p><img decoding=\"async\" src=\"https:\/\/informaccion.com\/nuevaweb\/wp-content\/uploads\/2018\/08\/CUADROS-INDEX_Mesa-de-trabajo-1-1.jpg\" alt=\"CUADROS INDEX_Mesa de trabajo 1\" \/><\/p>\n<h5 style=\"color: #000000;\">Educaci\u00f3n Virtual<\/h5>\n<p><a href=\"https:\/\/informaccion.com\/nuevaweb\/educacion-virtual-cursos\/\">https:\/\/informaccion.com\/nuevaweb\/educacion-virtual-cursos\/<\/a><\/p>\n<p><img decoding=\"async\" src=\"https:\/\/informaccion.com\/nuevaweb\/wp-content\/uploads\/2020\/03\/Cuadro-index_Mesa-de-trabajo-1.jpg\" alt=\"Cuadro index_Mesa de trabajo 1\" \/><\/p>\n<h5 style=\"color: #000000;\">inform@gro<\/h5>\n<p><a href=\"https:\/\/intranet.informaccion.com\/\">https:\/\/intranet.informaccion.com\/<\/a><\/p>\n<h1 style=\"color: #000000;\">Acerca de nosotros<\/h1>\n<h4 style=\"color: #000000;\">inform@cci\u00f3n<\/h4>\n<p style=\"color: #000000;\">Somos una organizaci\u00f3n especializada en los agronegocios, dedicada a promover el desarrollo empresarial del rubro a trav\u00e9s de la producci\u00f3n de eventos, difusi\u00f3n de informaci\u00f3n relevante, sistematizaci\u00f3n &#8211; an\u00e1lisis de estad\u00edsticas y consultor\u00eda de negocios agr\u00edcolas.<\/p>\n<h4 style=\"color: #000000;\">Historia<\/h4>\n<p style=\"color: #000000;\">La empresa nace hace m\u00e1s de 20 a\u00f1os gracias a la gesti\u00f3n del Ing. Fernando Cill\u00f3niz. En su amplia trayectoria Inform@cci\u00f3n lleg\u00f3 a abarcar diversos mercados incluyendo Pesca, Turismo, Miner\u00eda y Construcci\u00f3n, adem\u00e1s de Agricultura. Aunque actualmente se concentre solo en dicho rubro, tiene como visi\u00f3n retomar nuevamente los mercados anteriores.<\/p>\n<p><a class=\"button  button_size_2 button_js\" href=\"https:\/\/informaccion.com\/nuevaweb\/nosotros\/\"    style=\" background-color:#000000 !important; color:#ffffff;\"  ><span class=\"button_label\">Ver m\u00e1s<\/span><\/a>\n<\/script><\/p>\n","protected":false},"excerpt":{"rendered":"<p>Encuentro empresarial del sector agroexportador. Evento agr\u00edcola referente del Per\u00fa. http:\/\/www.siagro.pe\/ Seminario de Especializaci\u00f3n en Procesos Agr\u00edcolas Educaci\u00f3n Virtual https:\/\/informaccion.com\/nuevaweb\/educacion-virtual-cursos\/ inform@gro https:\/\/intranet.informaccion.com\/ Acerca de nosotros inform@cci\u00f3n<span class=\"excerpt-hellip\"> [\u2026]<\/span><\/p>\n","protected":false},"author":1,"featured_media":0,"parent":0,"menu_order":0,"comment_status":"closed","ping_status":"open","template":"","meta":{"footnotes":""},"_links":{"self":[{"href":"https:\/\/informaccion.com\/nuevaweb\/wp-json\/wp\/v2\/pages\/2417"}],"collection":[{"href":"https:\/\/informaccion.com\/nuevaweb\/wp-json\/wp\/v2\/pages"}],"about":[{"href":"https:\/\/informaccion.com\/nuevaweb\/wp-json\/wp\/v2\/types\/page"}],"author":[{"embeddable":true,"href":"https:\/\/informaccion.com\/nuevaweb\/wp-json\/wp\/v2\/users\/1"}],"replies":[{"embeddable":true,"href":"https:\/\/informaccion.com\/nuevaweb\/wp-json\/wp\/v2\/comments?post=2417"}],"version-history":[{"count":15,"href":"https:\/\/informaccion.com\/nuevaweb\/wp-json\/wp\/v2\/pages\/2417\/revisions"}],"predecessor-version":[{"id":5429,"href":"https:\/\/informaccion.com\/nuevaweb\/wp-json\/wp\/v2\/pages\/2417\/revisions\/5429"}],"wp:attachment":[{"href":"https:\/\/informaccion.com\/nuevaweb\/wp-json\/wp\/v2\/media?parent=2417"}],"curies":[{"name":"wp","href":"https:\/\/api.w.org\/{rel}","templated":true}]}}